{"id":352,"date":"2025-08-27T16:58:26","date_gmt":"2025-08-27T19:58:26","guid":{"rendered":"https:\/\/atkeletroacustica.com\/?page_id=352"},"modified":"2025-08-27T16:58:51","modified_gmt":"2025-08-27T19:58:51","slug":"wf380-2000b-4","status":"publish","type":"page","link":"https:\/\/atkeletroacustica.com\/?page_id=352","title":{"rendered":"WF380-2000B-4"},"content":{"rendered":"\n<pre class=\"wp-block-preformatted has-body-font-family has-xx-large-font-size\"><strong>WF380-2000B-4<\/strong><\/pre>\n\n\n\n<figure class=\"wp-block-gallery has-nested-images columns-default is-cropped wp-block-gallery-1 is-layout-flex wp-block-gallery-is-layout-flex\">\n<figure class=\"wp-block-image size-full\"><img loading=\"lazy\" decoding=\"async\" width=\"500\" height=\"500\" data-id=\"353\" src=\"https:\/\/atkeletroacustica.com\/wp-content\/uploads\/2025\/08\/WF380-2000B.jpg\" alt=\"\" class=\"wp-image-353\" srcset=\"https:\/\/atkeletroacustica.com\/wp-content\/uploads\/2025\/08\/WF380-2000B.jpg 500w, https:\/\/atkeletroacustica.com\/wp-content\/uploads\/2025\/08\/WF380-2000B-300x300.jpg 300w, https:\/\/atkeletroacustica.com\/wp-content\/uploads\/2025\/08\/WF380-2000B-150x150.jpg 150w\" sizes=\"auto, (max-width: 500px) 100vw, 500px\" \/><\/figure>\n<\/figure>\n\n\n\n<pre class=\"wp-block-preformatted has-contrast-color has-text-color has-link-color has-body-font-family has-medium-font-size wp-elements-7e86c572e88a10f2db0ea105e38df78e\">Alto-falante de 15\u201d de alta pot\u00eancia, com baix\u00edssima distor\u00e7\u00e3o e compress\u00e3o din\u00e2mica. O elevado grau de exig\u00eancia e o controle de qualidade na sele\u00e7\u00e3o dos materiais e na montagem, proporcionam excelente linearidade.<br>Utiliza uma bobina de 100 mm de di\u00e2metro (4\u201d) e um cone impermeabilizado e resistente, montados em um conjunto magn\u00e9tico otimizado para um desempenho superior.<br>Carca\u00e7a em alum\u00ednio injetado com pintura eletrost\u00e1tica lisa na cor preta, assegurando um visual elegante e resist\u00eancia mec\u00e2nica.<br>Projetado com base nos mais avan\u00e7ados softwares F.E.A (Finite Element Analysis), que permitem simula\u00e7\u00e3o de par\u00e2metros el\u00e9tricos e mec\u00e2nicos com extrema precis\u00e3o. Tudo isso  para conceber um transdutor com ampla sensibilidade, melhor dissipa\u00e7\u00e3o e excepcional performance.<\/pre>\n\n\n\n<pre class=\"wp-block-preformatted has-body-font-family has-x-large-font-size\"><br><strong>Especifica\u00e7\u00f5es<\/strong><\/pre>\n\n\n\n<pre class=\"wp-block-preformatted has-contrast-color has-text-color has-link-color has-body-font-family has-medium-font-size wp-elements-595de61d47482ee6527c9a75be7417e6\">Pot\u00eancia Nominal Admiss\u00edvel(1): 1000 W <br>Pot\u00eancia M\u00e1xima do Amplificador(2): 16000 W pico<br>Sensibilidade (1W\/1m)(3): 96 dB SPL<br>Imped\u00e2ncia Nominal: 4 \u03a9<br>Imped\u00e2ncia M\u00ednima: 3.22 \u03a9<br>Di\u00e2metro Nominal: 381 mm (15 pol)<br>Resposta de Frequ\u00eancia: 40 a 1600 Hz<br>Di\u00e2metro da Bobina: 100 mm (4\u201d)<br>Fio da Bobina: Fio de Cobre Se\u00e7\u00e3o Circular<br>Resist\u00eancia da Bobina (Re): 2.2 \u03a9<br>X.m\u00e1x(4): 11 mm <br>Volume de Ar ocupado: 7.29 L<br><br>(1) 2 horas de teste realizado com ru\u00eddo rosa (fator de crista 12 dB) no range de frequ\u00eancia de Fs a 10xFs. Pot\u00eancia calculada com imped\u00e2ncia m\u00ednima. Alto-falante ao ar livre.<br>Obs: Para aplicar esta pot\u00eancia o alto-falante j\u00e1 deve ter passado pelo per\u00edodo inicial de amaciamento, no m\u00ednimo 12h com 50% da pot\u00eancia nominal.<br>(2) Pot\u00eancia de pico exigida do amplificador para alcan\u00e7ar a pot\u00eancia nominal considerando um sinal de teste de ru\u00eddo rosa com fator de crista de 12 dB.<br>(3) Aplicada tens\u00e3o de 2 V RMS sobre a imped\u00e2ncia nominal.<br>(4) O X.m\u00e1x \u00e9 calculado considerando uma queda > que 50 % do campo magn\u00e9tico Bl sobre a bobina.<\/pre>\n\n\n\n<pre class=\"wp-block-preformatted has-body-font-family has-x-large-font-size\"><strong>Par\u00e2metros Thiele - Small(5)<\/strong><\/pre>\n\n\n\n<pre class=\"wp-block-preformatted has-contrast-color has-text-color has-link-color has-body-font-family has-medium-font-size wp-elements-fd2bddb7222337c69149ea71cb11ae13\">Fs: 46 Hz<br>Re: 2.2 \u03a9<br>Qes: 0.34<br>Qms: 4.2<br>Qts: 0.32<br>Vas: 67 l<br>Sd: 908 cm\u00b2<br>\u03b70: 1.9 %<br>Mms: 197 g<br>Bl: 19.2 Tm<br>Le: 1.22 mH<br><br>(5) Os par\u00e2metros Thiele-Small s\u00e3o medidos ap\u00f3s um burn-in com \u00bd pot\u00eancia nominal em um range de  frequ\u00eancia de Fs a 10xFs.<\/pre>\n\n\n\n<pre class=\"wp-block-preformatted has-body-font-family has-x-large-font-size\"><br><strong>Especifica\u00e7\u00f5es T\u00e9cnicas<\/strong><\/pre>\n\n\n\n<figure class=\"wp-block-image size-full\"><img loading=\"lazy\" decoding=\"async\" width=\"1024\" height=\"768\" src=\"https:\/\/atkeletroacustica.com\/wp-content\/uploads\/2025\/08\/IMPEDANCIA-WF380-2000B-4.png\" alt=\"\" class=\"wp-image-354\" srcset=\"https:\/\/atkeletroacustica.com\/wp-content\/uploads\/2025\/08\/IMPEDANCIA-WF380-2000B-4.png 1024w, https:\/\/atkeletroacustica.com\/wp-content\/uploads\/2025\/08\/IMPEDANCIA-WF380-2000B-4-300x225.png 300w, https:\/\/atkeletroacustica.com\/wp-content\/uploads\/2025\/08\/IMPEDANCIA-WF380-2000B-4-768x576.png 768w\" sizes=\"auto, (max-width: 1024px) 100vw, 1024px\" \/><\/figure>\n\n\n\n<figure class=\"wp-block-image size-full\"><img loading=\"lazy\" decoding=\"async\" width=\"1024\" height=\"768\" src=\"https:\/\/atkeletroacustica.com\/wp-content\/uploads\/2025\/08\/RESPOSTA-EM-FREQUENCIA-WF380-2000B-4.png\" alt=\"\" class=\"wp-image-355\" srcset=\"https:\/\/atkeletroacustica.com\/wp-content\/uploads\/2025\/08\/RESPOSTA-EM-FREQUENCIA-WF380-2000B-4.png 1024w, https:\/\/atkeletroacustica.com\/wp-content\/uploads\/2025\/08\/RESPOSTA-EM-FREQUENCIA-WF380-2000B-4-300x225.png 300w, https:\/\/atkeletroacustica.com\/wp-content\/uploads\/2025\/08\/RESPOSTA-EM-FREQUENCIA-WF380-2000B-4-768x576.png 768w\" sizes=\"auto, (max-width: 1024px) 100vw, 1024px\" \/><\/figure>\n\n\n\n<pre class=\"wp-block-preformatted has-body-font-family has-x-large-font-size\"><strong>Downloads<\/strong><\/pre>\n\n\n\n<figure class=\"wp-block-image size-full is-resized\"><a href=\"http:\/\/atkeletroacustica.com\/manuais\/manual-wf380-2000b-4.pdf\"><img loading=\"lazy\" decoding=\"async\" width=\"500\" height=\"500\" src=\"https:\/\/atkeletroacustica.com\/wp-content\/uploads\/2025\/08\/LOGO-PDF.jpg\" alt=\"\" class=\"wp-image-193\" style=\"width:154px;height:auto\" srcset=\"https:\/\/atkeletroacustica.com\/wp-content\/uploads\/2025\/08\/LOGO-PDF.jpg 500w, https:\/\/atkeletroacustica.com\/wp-content\/uploads\/2025\/08\/LOGO-PDF-300x300.jpg 300w, https:\/\/atkeletroacustica.com\/wp-content\/uploads\/2025\/08\/LOGO-PDF-150x150.jpg 150w\" sizes=\"auto, (max-width: 500px) 100vw, 500px\" \/><\/a><figcaption class=\"wp-element-caption\"><a href=\"http:\/\/atkeletroacustica.com\/manuais\/manual-wf380-2000b-4.pdf\"><strong>Manual WF380-2000B-4<\/strong><\/a><\/figcaption><\/figure>\n\n\n\n<p><\/p>\n","protected":false},"excerpt":{"rendered":"<p>WF380-2000B-4 Alto-falante de 15\u201d de alta pot\u00eancia, com baix\u00edssima distor\u00e7\u00e3o e compress\u00e3o din\u00e2mica. O elevado grau de exig\u00eancia e o controle de qualidade na sele\u00e7\u00e3o dos materiais e na montagem, proporcionam excelente linearidade.Utiliza uma bobina de 100 mm de di\u00e2metro (4\u201d) e um cone impermeabilizado e resistente, montados em um conjunto magn\u00e9tico otimizado para um [&hellip;]<\/p>\n","protected":false},"author":1,"featured_media":0,"parent":13,"menu_order":0,"comment_status":"closed","ping_status":"closed","template":"page-no-title","meta":{"footnotes":""},"class_list":["post-352","page","type-page","status-publish","hentry"],"_links":{"self":[{"href":"https:\/\/atkeletroacustica.com\/index.php?rest_route=\/wp\/v2\/pages\/352","targetHints":{"allow":["GET"]}}],"collection":[{"href":"https:\/\/atkeletroacustica.com\/index.php?rest_route=\/wp\/v2\/pages"}],"about":[{"href":"https:\/\/atkeletroacustica.com\/index.php?rest_route=\/wp\/v2\/types\/page"}],"author":[{"embeddable":true,"href":"https:\/\/atkeletroacustica.com\/index.php?rest_route=\/wp\/v2\/users\/1"}],"replies":[{"embeddable":true,"href":"https:\/\/atkeletroacustica.com\/index.php?rest_route=%2Fwp%2Fv2%2Fcomments&post=352"}],"version-history":[{"count":1,"href":"https:\/\/atkeletroacustica.com\/index.php?rest_route=\/wp\/v2\/pages\/352\/revisions"}],"predecessor-version":[{"id":356,"href":"https:\/\/atkeletroacustica.com\/index.php?rest_route=\/wp\/v2\/pages\/352\/revisions\/356"}],"up":[{"embeddable":true,"href":"https:\/\/atkeletroacustica.com\/index.php?rest_route=\/wp\/v2\/pages\/13"}],"wp:attachment":[{"href":"https:\/\/atkeletroacustica.com\/index.php?rest_route=%2Fwp%2Fv2%2Fmedia&parent=352"}],"curies":[{"name":"wp","href":"https:\/\/api.w.org\/{rel}","templated":true}]}}