{"id":227,"date":"2025-08-27T10:24:51","date_gmt":"2025-08-27T13:24:51","guid":{"rendered":"https:\/\/atkeletroacustica.com\/?page_id=227"},"modified":"2025-08-27T10:24:59","modified_gmt":"2025-08-27T13:24:59","slug":"18lf3000b","status":"publish","type":"page","link":"https:\/\/atkeletroacustica.com\/?page_id=227","title":{"rendered":"18LF3000B"},"content":{"rendered":"\n<pre class=\"wp-block-preformatted has-body-font-family has-xx-large-font-size\"><strong>18LF3000B<\/strong><\/pre>\n\n\n\n<figure class=\"wp-block-gallery has-nested-images columns-default is-cropped wp-block-gallery-1 is-layout-flex wp-block-gallery-is-layout-flex\">\n<figure class=\"wp-block-image size-full\"><img loading=\"lazy\" decoding=\"async\" width=\"500\" height=\"500\" data-id=\"230\" src=\"https:\/\/atkeletroacustica.com\/wp-content\/uploads\/2025\/08\/18LF3000B.jpg\" alt=\"\" class=\"wp-image-230\" srcset=\"https:\/\/atkeletroacustica.com\/wp-content\/uploads\/2025\/08\/18LF3000B.jpg 500w, https:\/\/atkeletroacustica.com\/wp-content\/uploads\/2025\/08\/18LF3000B-300x300.jpg 300w, https:\/\/atkeletroacustica.com\/wp-content\/uploads\/2025\/08\/18LF3000B-150x150.jpg 150w\" sizes=\"auto, (max-width: 500px) 100vw, 500px\" \/><\/figure>\n<\/figure>\n\n\n\n<pre class=\"wp-block-preformatted has-contrast-color has-text-color has-link-color has-body-font-family has-medium-font-size wp-elements-1990d60616511e64a4208c3c2a6646a0\">Alto-falante de 18\u201d de alta pot\u00eancia, com baix\u00edssima distor\u00e7\u00e3o e compress\u00e3o din\u00e2mica. O elevado grau de exig\u00eancia e o controle de qualidade na sele\u00e7\u00e3o dos materiais e na montagem, proporcionam excelente linearidade.<br>Utiliza uma bobina de 100 mm de di\u00e2metro (4\u201d) e um cone impermeabilizado e resistente, montados em um conjunto magn\u00e9tico otimizado para um desempenho superior.<br>Design exclusivo e moderno. Carca\u00e7a em alum\u00ednio injetado com pintura eletrost\u00e1tica texturizada na cor preta, assegurando um visual elegante e resist\u00eancia mec\u00e2nica.<br>Projetado com base nos mais avan\u00e7ados softwares F.E.A (Finite Element Analysis), que permitem simula\u00e7\u00e3o de par\u00e2metros el\u00e9tricos e mec\u00e2nicos com extrema precis\u00e3o. Tudo isso  para conceber um transdutor com ampla sensibilidade, melhor dissipa\u00e7\u00e3o e excepcional performance.<\/pre>\n\n\n\n<pre class=\"wp-block-preformatted has-body-font-family has-x-large-font-size\"><br><strong>Especifica\u00e7\u00f5es<\/strong><\/pre>\n\n\n\n<pre class=\"wp-block-preformatted has-contrast-color has-text-color has-link-color has-body-font-family has-medium-font-size wp-elements-c0c113668cceb3d20b1adcc9689a0d7a\">Pot\u00eancia Nominal Admiss\u00edvel(1): 1500 W <br>Pot\u00eancia M\u00e1xima do Amplificador(2): 6000 W pico <br>Sensibilidade (1W\/1m)(3): 95.5 dB SPL<br>Imped\u00e2ncia Nominal: 8 \u03a9<br>Imped\u00e2ncia M\u00ednima: 6.7 \u03a9<br>Di\u00e2metro Nominal: 457.2 mm (18 pol)<br>Resposta de Frequ\u00eancia: 30 a 1800 Hz<br>Di\u00e2metro da Bobina: 100 mm (4\u201d)<br>Fio da Bobina: Fio de Cobre Se\u00e7\u00e3o Circular<br>Resist\u00eancia da Bobina (Re): 5.6 \u03a9<br>X.m\u00e1x(4): 12 mm <br>Volume de Ar ocupado: 5.45 L<br><br>(1) 1 hora de teste realizado com ru\u00eddo rosa (fator de crista 6 dB) no range de frequ\u00eancia de Fs a 10xFs. Pot\u00eancia calculada com imped\u00e2ncia m\u00ednima. Alto-falante ao ar livre.<br>(2) Pot\u00eancia de pico exigida do amplificador para alcan\u00e7ar a pot\u00eancia nominal considerando um sinal de teste de ru\u00eddo rosa com fator de crista de 6 dB.<br>(3) Aplicada tens\u00e3o de 2.83 V RMS sobre a imped\u00e2ncia nominal.<br>(4) O X.m\u00e1x \u00e9 calculado considerando uma queda > que 50 % do campo magn\u00e9tico Bl sobre a bobina.<\/pre>\n\n\n\n<pre class=\"wp-block-preformatted has-body-font-family has-x-large-font-size\"><strong>Par\u00e2metros Thiele - Small(5)<\/strong><\/pre>\n\n\n\n<pre class=\"wp-block-preformatted has-contrast-color has-text-color has-link-color has-body-font-family has-medium-font-size wp-elements-299aacae27ad4c71d552eff7016c4336\">Fs: 39 Hz<br>Re: 5.6 \u03a9<br>Qes: 0.60<br>Qms: 15.0<br>Qts: 0.60<br>Vas: 132 l<br>Sd: 1256 cm\u00b2<br>\u03b70: 1.5 %<br>Mms: 228 g<br>Bl: 23.5 Tm<br>Le: 1.92 mH<br><br>(5) Os par\u00e2metros Thiele-Small s\u00e3o medidos ap\u00f3s um burn-in com \u00bd pot\u00eancia nominal em um range de  frequ\u00eancia de Fs a 10xFs.<\/pre>\n\n\n\n<pre class=\"wp-block-preformatted has-body-font-family has-x-large-font-size\"><br><strong>Especifica\u00e7\u00f5es T\u00e9cnicas<\/strong><\/pre>\n\n\n\n<figure class=\"wp-block-image size-full\"><img loading=\"lazy\" decoding=\"async\" width=\"1024\" height=\"768\" src=\"https:\/\/atkeletroacustica.com\/wp-content\/uploads\/2025\/08\/IMPEDA\u0192A\u201aNCIA-18LF3000B.png\" alt=\"\" class=\"wp-image-231\" srcset=\"https:\/\/atkeletroacustica.com\/wp-content\/uploads\/2025\/08\/IMPEDA\u0192A\u201aNCIA-18LF3000B.png 1024w, https:\/\/atkeletroacustica.com\/wp-content\/uploads\/2025\/08\/IMPEDA\u0192A\u201aNCIA-18LF3000B-300x225.png 300w, https:\/\/atkeletroacustica.com\/wp-content\/uploads\/2025\/08\/IMPEDA\u0192A\u201aNCIA-18LF3000B-768x576.png 768w\" sizes=\"auto, (max-width: 1024px) 100vw, 1024px\" \/><\/figure>\n\n\n\n<figure class=\"wp-block-image size-full\"><img loading=\"lazy\" decoding=\"async\" width=\"1024\" height=\"768\" src=\"https:\/\/atkeletroacustica.com\/wp-content\/uploads\/2025\/08\/RESPOSTA-EM-FREQUA\u0192ASNCIA-18LF3000B.png\" alt=\"\" class=\"wp-image-232\" srcset=\"https:\/\/atkeletroacustica.com\/wp-content\/uploads\/2025\/08\/RESPOSTA-EM-FREQUA\u0192ASNCIA-18LF3000B.png 1024w, https:\/\/atkeletroacustica.com\/wp-content\/uploads\/2025\/08\/RESPOSTA-EM-FREQUA\u0192ASNCIA-18LF3000B-300x225.png 300w, https:\/\/atkeletroacustica.com\/wp-content\/uploads\/2025\/08\/RESPOSTA-EM-FREQUA\u0192ASNCIA-18LF3000B-768x576.png 768w\" sizes=\"auto, (max-width: 1024px) 100vw, 1024px\" \/><\/figure>\n\n\n\n<pre class=\"wp-block-preformatted has-body-font-family has-x-large-font-size\"><strong>Downloads<\/strong><\/pre>\n\n\n\n<figure class=\"wp-block-image size-full is-resized\"><a href=\"http:\/\/atkeletroacustica.com\/manuais\/manual-18lf3000b.pdf\"><img loading=\"lazy\" decoding=\"async\" width=\"500\" height=\"500\" src=\"https:\/\/atkeletroacustica.com\/wp-content\/uploads\/2025\/08\/LOGO-PDF.jpg\" alt=\"\" class=\"wp-image-193\" style=\"width:154px;height:auto\" srcset=\"https:\/\/atkeletroacustica.com\/wp-content\/uploads\/2025\/08\/LOGO-PDF.jpg 500w, https:\/\/atkeletroacustica.com\/wp-content\/uploads\/2025\/08\/LOGO-PDF-300x300.jpg 300w, https:\/\/atkeletroacustica.com\/wp-content\/uploads\/2025\/08\/LOGO-PDF-150x150.jpg 150w\" sizes=\"auto, (max-width: 500px) 100vw, 500px\" \/><\/a><figcaption class=\"wp-element-caption\"><a href=\"http:\/\/atkeletroacustica.com\/manuais\/manual-18lf3000b.pdf\">Manual 18LF3000B<\/a><\/figcaption><\/figure>\n\n\n\n<p><\/p>\n","protected":false},"excerpt":{"rendered":"<p>18LF3000B Alto-falante de 18\u201d de alta pot\u00eancia, com baix\u00edssima distor\u00e7\u00e3o e compress\u00e3o din\u00e2mica. O elevado grau de exig\u00eancia e o controle de qualidade na sele\u00e7\u00e3o dos materiais e na montagem, proporcionam excelente linearidade.Utiliza uma bobina de 100 mm de di\u00e2metro (4\u201d) e um cone impermeabilizado e resistente, montados em um conjunto magn\u00e9tico otimizado para um [&hellip;]<\/p>\n","protected":false},"author":1,"featured_media":0,"parent":31,"menu_order":0,"comment_status":"closed","ping_status":"closed","template":"page-no-title","meta":{"footnotes":""},"class_list":["post-227","page","type-page","status-publish","hentry"],"_links":{"self":[{"href":"https:\/\/atkeletroacustica.com\/index.php?rest_route=\/wp\/v2\/pages\/227","targetHints":{"allow":["GET"]}}],"collection":[{"href":"https:\/\/atkeletroacustica.com\/index.php?rest_route=\/wp\/v2\/pages"}],"about":[{"href":"https:\/\/atkeletroacustica.com\/index.php?rest_route=\/wp\/v2\/types\/page"}],"author":[{"embeddable":true,"href":"https:\/\/atkeletroacustica.com\/index.php?rest_route=\/wp\/v2\/users\/1"}],"replies":[{"embeddable":true,"href":"https:\/\/atkeletroacustica.com\/index.php?rest_route=%2Fwp%2Fv2%2Fcomments&post=227"}],"version-history":[{"count":1,"href":"https:\/\/atkeletroacustica.com\/index.php?rest_route=\/wp\/v2\/pages\/227\/revisions"}],"predecessor-version":[{"id":233,"href":"https:\/\/atkeletroacustica.com\/index.php?rest_route=\/wp\/v2\/pages\/227\/revisions\/233"}],"up":[{"embeddable":true,"href":"https:\/\/atkeletroacustica.com\/index.php?rest_route=\/wp\/v2\/pages\/31"}],"wp:attachment":[{"href":"https:\/\/atkeletroacustica.com\/index.php?rest_route=%2Fwp%2Fv2%2Fmedia&parent=227"}],"curies":[{"name":"wp","href":"https:\/\/api.w.org\/{rel}","templated":true}]}}