{"id":113,"date":"2025-08-26T17:36:34","date_gmt":"2025-08-26T20:36:34","guid":{"rendered":"http:\/\/atkeletroacustica.com\/?page_id=113"},"modified":"2025-08-27T09:55:03","modified_gmt":"2025-08-27T12:55:03","slug":"12mb1000b-2","status":"publish","type":"page","link":"http:\/\/atkeletroacustica.com\/?page_id=113","title":{"rendered":"12MB1000B"},"content":{"rendered":"\n<pre class=\"wp-block-preformatted has-body-font-family has-xx-large-font-size\"><strong>12MB1000B<\/strong><\/pre>\n\n\n\n<figure class=\"wp-block-gallery has-nested-images columns-default is-cropped wp-block-gallery-1 is-layout-flex wp-block-gallery-is-layout-flex\">\n<figure class=\"wp-block-image size-full\"><img loading=\"lazy\" decoding=\"async\" width=\"500\" height=\"500\" data-id=\"174\" src=\"https:\/\/atkeletroacustica.com\/wp-content\/uploads\/2025\/08\/12MB1000B-2.jpg\" alt=\"\" class=\"wp-image-174\" srcset=\"http:\/\/atkeletroacustica.com\/wp-content\/uploads\/2025\/08\/12MB1000B-2.jpg 500w, http:\/\/atkeletroacustica.com\/wp-content\/uploads\/2025\/08\/12MB1000B-2-300x300.jpg 300w, http:\/\/atkeletroacustica.com\/wp-content\/uploads\/2025\/08\/12MB1000B-2-150x150.jpg 150w\" sizes=\"auto, (max-width: 500px) 100vw, 500px\" \/><\/figure>\n<\/figure>\n\n\n\n<pre class=\"wp-block-preformatted has-contrast-color has-text-color has-link-color has-body-font-family has-medium-font-size wp-elements-5d3a4c7781f3233f909de427c3ed4806\">Alto-falante de 12\u201d de alta pot\u00eancia, baix\u00edssima distor\u00e7\u00e3o e compress\u00e3o din\u00e2mica. O elevado grau de exig\u00eancia e o controle de qualidade na sele\u00e7\u00e3o dos materiais e na montagem, proporcionam excelente linearidade.<br>Utiliza uma bobina de 75mm de di\u00e2metro (3\u201d) e um cone impermeabilizado e resistente, montados em um conjunto magn\u00e9tico otimizado para um desempenho superior.<br>Design exclusivo e moderno. Carca\u00e7a em alum\u00ednio injetado com pintura eletrost\u00e1tica texturizada na cor preta, assegurando um visual elegante e resist\u00eancia mec\u00e2nica.<br>Projetado com base nos mais avan\u00e7ados softwares F.E.A (Finite Element Analysis), que permitem simula\u00e7\u00e3o de par\u00e2metros el\u00e9tricos e mec\u00e2nicos com extrema precis\u00e3o. Tudo isso  para conceber um transdutor com ampla sensibilidade, melhor dissipa\u00e7\u00e3o e excepcional performance.<\/pre>\n\n\n\n<pre class=\"wp-block-preformatted has-body-font-family has-x-large-font-size\"><br><strong>Especifica\u00e7\u00f5es<\/strong><\/pre>\n\n\n\n<pre class=\"wp-block-preformatted has-contrast-color has-text-color has-link-color has-body-font-family has-medium-font-size wp-elements-cd5b411552a59b7d0572ecbd00996d1d\">Pot\u00eancia Nominal Admiss\u00edvel(1): 500 W <br>Pot\u00eancia M\u00e1xima do Amplificador(2): 8000 W pico<br>Sensibilidade (1W\/1m)(3): 99 dB SPL<br>Imped\u00e2ncia Nominal: 8 \u03a9<br>Imped\u00e2ncia M\u00ednima: 6.3 \u03a9<br>Di\u00e2metro Nominal: 304.8 mm (12 pol)<br>Resposta de Frequ\u00eancia: 50 a 4000 Hz<br>Di\u00e2metro da Bobina: 75 mm (3\u201d)<br>Fio da Bobina: Fio de Cobre Recoberto com Alum\u00ednio Se\u00e7\u00e3o Retangular (CCAR)<br>Resist\u00eancia da Bobina (Re): 5.6 \u03a9<br>X.m\u00e1x(4): 5 mm <br>Volume de Ar ocupado: 2.30 L<br><br>(1) 2 horas de teste realizado com ru\u00eddo rosa (fator de crista 12 dB) no range de frequ\u00eancia de Fs a 10xFs. Pot\u00eancia calculada com imped\u00e2ncia m\u00ednima. Alto-falante ao ar livre.<br>(2) Pot\u00eancia de pico exigida do amplificador para alcan\u00e7ar a pot\u00eancia nominal considerando um sinal de teste de ru\u00eddo rosa com fator de crista de 12dB.<br>(3) Aplicada tens\u00e3o de 2.83 V RMS sobre a imped\u00e2ncia nominal.<br>(4) O X.m\u00e1x \u00e9 calculado considerando uma queda &gt; que 50 % do campo magn\u00e9tico Bl sobre a bobina.<\/pre>\n\n\n\n<pre class=\"wp-block-preformatted has-body-font-family has-x-large-font-size\"><strong>Par\u00e2metros Thiele - Small(5)<\/strong><\/pre>\n\n\n\n<pre class=\"wp-block-preformatted has-contrast-color has-text-color has-link-color has-body-font-family has-medium-font-size wp-elements-5ffde761850cf3fb9c9636c922b5f063\">Fs: 55.6 Hz<br>Re: 5.6 \u03a9<br>Qes: 0.42<br>Qms: 1.77<br>Qts: 0.34<br>Vas: 72 l<br>Sd: 552 cm\u00b2<br>\u03b70: 3.0 %<br>Mms: 48.4 g<br>Bl: 15 Tm<br>Le: 0.56 mH<br><br>(5) Os par\u00e2metros Thiele-Small s\u00e3o medidos ap\u00f3s um burn-in com \u00bd pot\u00eancia nominal em um range de  frequ\u00eancia de Fs a 10xFs.<\/pre>\n\n\n\n<pre class=\"wp-block-preformatted has-body-font-family has-x-large-font-size\"><br><strong>Especifica\u00e7\u00f5es T\u00e9cnicas<\/strong><\/pre>\n\n\n\n<figure class=\"wp-block-image size-full\"><img loading=\"lazy\" decoding=\"async\" width=\"1024\" height=\"768\" src=\"http:\/\/atkeletroacustica.com\/wp-content\/uploads\/2025\/08\/impedancia.png\" alt=\"\" class=\"wp-image-114\" srcset=\"http:\/\/atkeletroacustica.com\/wp-content\/uploads\/2025\/08\/impedancia.png 1024w, http:\/\/atkeletroacustica.com\/wp-content\/uploads\/2025\/08\/impedancia-300x225.png 300w, http:\/\/atkeletroacustica.com\/wp-content\/uploads\/2025\/08\/impedancia-768x576.png 768w\" sizes=\"auto, (max-width: 1024px) 100vw, 1024px\" \/><\/figure>\n\n\n\n<figure class=\"wp-block-image size-full\"><img loading=\"lazy\" decoding=\"async\" width=\"1024\" height=\"768\" src=\"http:\/\/atkeletroacustica.com\/wp-content\/uploads\/2025\/08\/resposta-frequencia.png\" alt=\"\" class=\"wp-image-115\" srcset=\"http:\/\/atkeletroacustica.com\/wp-content\/uploads\/2025\/08\/resposta-frequencia.png 1024w, http:\/\/atkeletroacustica.com\/wp-content\/uploads\/2025\/08\/resposta-frequencia-300x225.png 300w, http:\/\/atkeletroacustica.com\/wp-content\/uploads\/2025\/08\/resposta-frequencia-768x576.png 768w\" sizes=\"auto, (max-width: 1024px) 100vw, 1024px\" \/><\/figure>\n\n\n\n<pre class=\"wp-block-preformatted has-body-font-family has-x-large-font-size\"><strong>Downloads<\/strong><\/pre>\n\n\n\n<figure class=\"wp-block-image size-full is-resized\"><a href=\"http:\/\/atkeletroacustica.com\/manuais\/manual-12mb1000b.pdf\"><img loading=\"lazy\" decoding=\"async\" width=\"500\" height=\"500\" src=\"http:\/\/atkeletroacustica.com\/wp-content\/uploads\/2025\/08\/LOGO-PDF.jpg\" alt=\"\" class=\"wp-image-193\" style=\"width:154px;height:auto\" srcset=\"http:\/\/atkeletroacustica.com\/wp-content\/uploads\/2025\/08\/LOGO-PDF.jpg 500w, http:\/\/atkeletroacustica.com\/wp-content\/uploads\/2025\/08\/LOGO-PDF-300x300.jpg 300w, http:\/\/atkeletroacustica.com\/wp-content\/uploads\/2025\/08\/LOGO-PDF-150x150.jpg 150w\" sizes=\"auto, (max-width: 500px) 100vw, 500px\" \/><\/a><figcaption class=\"wp-element-caption\"><a href=\"http:\/\/atkeletroacustica.com\/manuais\/manual-12mb1000b.pdf\"><strong>Manual 12MB1000B<\/strong><\/a><\/figcaption><\/figure>\n\n\n\n<p><\/p>\n","protected":false},"excerpt":{"rendered":"<p>12MB1000B Alto-falante de 12\u201d de alta pot\u00eancia, baix\u00edssima distor\u00e7\u00e3o e compress\u00e3o din\u00e2mica. O elevado grau de exig\u00eancia e o controle de qualidade na sele\u00e7\u00e3o dos materiais e na montagem, proporcionam excelente linearidade.Utiliza uma bobina de 75mm de di\u00e2metro (3\u201d) e um cone impermeabilizado e resistente, montados em um conjunto magn\u00e9tico otimizado para um desempenho superior.Design [&hellip;]<\/p>\n","protected":false},"author":1,"featured_media":0,"parent":31,"menu_order":0,"comment_status":"closed","ping_status":"closed","template":"page-no-title","meta":{"footnotes":""},"class_list":["post-113","page","type-page","status-publish","hentry"],"_links":{"self":[{"href":"http:\/\/atkeletroacustica.com\/index.php?rest_route=\/wp\/v2\/pages\/113","targetHints":{"allow":["GET"]}}],"collection":[{"href":"http:\/\/atkeletroacustica.com\/index.php?rest_route=\/wp\/v2\/pages"}],"about":[{"href":"http:\/\/atkeletroacustica.com\/index.php?rest_route=\/wp\/v2\/types\/page"}],"author":[{"embeddable":true,"href":"http:\/\/atkeletroacustica.com\/index.php?rest_route=\/wp\/v2\/users\/1"}],"replies":[{"embeddable":true,"href":"http:\/\/atkeletroacustica.com\/index.php?rest_route=%2Fwp%2Fv2%2Fcomments&post=113"}],"version-history":[{"count":4,"href":"http:\/\/atkeletroacustica.com\/index.php?rest_route=\/wp\/v2\/pages\/113\/revisions"}],"predecessor-version":[{"id":199,"href":"http:\/\/atkeletroacustica.com\/index.php?rest_route=\/wp\/v2\/pages\/113\/revisions\/199"}],"up":[{"embeddable":true,"href":"http:\/\/atkeletroacustica.com\/index.php?rest_route=\/wp\/v2\/pages\/31"}],"wp:attachment":[{"href":"http:\/\/atkeletroacustica.com\/index.php?rest_route=%2Fwp%2Fv2%2Fmedia&parent=113"}],"curies":[{"name":"wp","href":"https:\/\/api.w.org\/{rel}","templated":true}]}}